{"id":968,"date":"2020-11-18T17:51:54","date_gmt":"2020-11-18T17:51:54","guid":{"rendered":"https:\/\/escueladrive.com\/?page_id=968"},"modified":"2025-01-16T07:14:20","modified_gmt":"2025-01-16T07:14:20","slug":"contactanos","status":"publish","type":"page","link":"https:\/\/tuprepahoy.com\/drive\/contactanos\/","title":{"rendered":"Contactanos"},"content":{"rendered":"\t\t<div data-elementor-type=\"wp-page\" data-elementor-id=\"968\" class=\"elementor elementor-968\" data-elementor-post-type=\"page\">\n\t\t\t\t\t\t<section class=\"elementor-section elementor-top-section elementor-element elementor-element-b25e8d0 elementor-section-full_width elementor-section-height-default elementor-section-height-default\" data-id=\"b25e8d0\" data-element_type=\"section\">\n\t\t\t\t\t\t<div class=\"elementor-container elementor-column-gap-no\">\n\t\t\t\t\t<div class=\"elementor-column elementor-col-100 elementor-top-column elementor-element elementor-element-7de756c\" data-id=\"7de756c\" data-element_type=\"column\">\n\t\t\t<div class=\"elementor-widget-wrap elementor-element-populated\">\n\t\t\t\t\t\t<div class=\"elementor-element elementor-element-27896f8 elementor--h-position-center elementor--v-position-middle elementor-widget elementor-widget-slides\" data-id=\"27896f8\" data-element_type=\"widget\" data-settings=\"{&quot;navigation&quot;:&quot;none&quot;,&quot;autoplay&quot;:&quot;yes&quot;,&quot;pause_on_hover&quot;:&quot;yes&quot;,&quot;pause_on_interaction&quot;:&quot;yes&quot;,&quot;autoplay_speed&quot;:5000,&quot;infinite&quot;:&quot;yes&quot;,&quot;transition&quot;:&quot;slide&quot;,&quot;transition_speed&quot;:500}\" data-widget_type=\"slides.default\">\n\t\t\t\t<div class=\"elementor-widget-container\">\n\t\t\t\t\t\t\t\t\t<div class=\"elementor-swiper\">\n\t\t\t\t\t<div class=\"elementor-slides-wrapper elementor-main-swiper swiper\" role=\"region\" aria-roledescription=\"carousel\" aria-label=\"Slides\" dir=\"ltr\" data-animation=\"\">\n\t\t\t\t<div class=\"swiper-wrapper elementor-slides\">\n\t\t\t\t\t\t\t\t\t\t<div class=\"elementor-repeater-item-f462787 swiper-slide\" role=\"group\" aria-roledescription=\"slide\"><div class=\"swiper-slide-bg\" role=\"img\"><\/div><div class=\"swiper-slide-inner\" ><div class=\"swiper-slide-contents\"><div class=\"elementor-slide-heading\"><h1>CONTACTO<\/h1><\/div><\/div><\/div><\/div>\t\t\t\t<\/div>\n\t\t\t\t\t\t\t<\/div>\n\t\t\t\t<\/div>\n\t\t\t\t\t\t\t\t<\/div>\n\t\t\t\t<\/div>\n\t\t\t\t\t<\/div>\n\t\t<\/div>\n\t\t\t\t\t<\/div>\n\t\t<\/section>\n\t\t\t\t<section class=\"elementor-section elementor-top-section elementor-element elementor-element-9077483 elementor-section-boxed elementor-section-height-default elementor-section-height-default\" data-id=\"9077483\" data-element_type=\"section\">\n\t\t\t\t\t\t<div class=\"elementor-container elementor-column-gap-no\">\n\t\t\t\t\t<div class=\"elementor-column elementor-col-33 elementor-top-column elementor-element elementor-element-7bb6c0d\" data-id=\"7bb6c0d\" data-element_type=\"column\" data-settings=\"{&quot;background_background&quot;:&quot;classic&quot;}\">\n\t\t\t<div class=\"elementor-widget-wrap elementor-element-populated\">\n\t\t\t\t\t\t<div class=\"elementor-element elementor-element-6946f70 ekit-equal-height-disable elementor-widget elementor-widget-elementskit-icon-box\" data-id=\"6946f70\" data-element_type=\"widget\" data-widget_type=\"elementskit-icon-box.default\">\n\t\t\t\t<div class=\"elementor-widget-container\">\n\t\t\t\t\t<div class=\"ekit-wid-con\" >        <!-- link opening -->\n                <!-- end link opening -->\n\n        <div class=\"elementskit-infobox text-center text-left icon-lef-right-aligin elementor-animation- media  \">\n                    <div class=\"elementskit-box-header elementor-animation-\">\n                <div class=\"elementskit-info-box-icon  text-center\">\n                    <i aria-hidden=\"true\" class=\"elementkit-infobox-icon icon icon-man\"><\/i>\n                <\/div>\n          <\/div>\n                        <div class=\"box-body\">\n                            <h2 class=\"elementskit-info-box-title\">\n                    SERVICIO A DOMICILIO                <\/h2>\n                        \t\t  \t<p>Servicio a domicilio incluido en todos nuestros cursos.<\/p>\n                                <\/div>\n        \n        \n                <\/div>\n        <\/div>\t\t\t\t<\/div>\n\t\t\t\t<\/div>\n\t\t\t\t\t<\/div>\n\t\t<\/div>\n\t\t\t\t<div class=\"elementor-column elementor-col-33 elementor-top-column elementor-element elementor-element-4e9cb8b\" data-id=\"4e9cb8b\" data-element_type=\"column\" data-settings=\"{&quot;background_background&quot;:&quot;classic&quot;}\">\n\t\t\t<div class=\"elementor-widget-wrap elementor-element-populated\">\n\t\t\t\t\t\t<div class=\"elementor-element elementor-element-e8a5179 ekit-equal-height-disable elementor-widget elementor-widget-elementskit-icon-box\" data-id=\"e8a5179\" data-element_type=\"widget\" data-widget_type=\"elementskit-icon-box.default\">\n\t\t\t\t<div class=\"elementor-widget-container\">\n\t\t\t\t\t<div class=\"ekit-wid-con\" >        <!-- link opening -->\n                <!-- end link opening -->\n\n        <div class=\"elementskit-infobox text-center text-left icon-lef-right-aligin elementor-animation- media  \">\n                    <div class=\"elementskit-box-header elementor-animation-\">\n                <div class=\"elementskit-info-box-icon  text-center\">\n                    <i aria-hidden=\"true\" class=\"elementkit-infobox-icon icon icon-steering-wheel\"><\/i>\n                <\/div>\n          <\/div>\n                        <div class=\"box-body\">\n                            <h2 class=\"elementskit-info-box-title\">\n                    CURSO 100% GARANTIZADO                <\/h2>\n                        \t\t  \t<p>Especialistas para personas nerviosas, aprende desde el primer d\u00eda.<\/p>\n                                <\/div>\n        \n        \n                <\/div>\n        <\/div>\t\t\t\t<\/div>\n\t\t\t\t<\/div>\n\t\t\t\t\t<\/div>\n\t\t<\/div>\n\t\t\t\t<div class=\"elementor-column elementor-col-33 elementor-top-column elementor-element elementor-element-28f6131\" data-id=\"28f6131\" data-element_type=\"column\" data-settings=\"{&quot;background_background&quot;:&quot;classic&quot;}\">\n\t\t\t<div class=\"elementor-widget-wrap elementor-element-populated\">\n\t\t\t\t\t\t<div class=\"elementor-element elementor-element-dc49aa3 ekit-equal-height-disable elementor-widget elementor-widget-elementskit-icon-box\" data-id=\"dc49aa3\" data-element_type=\"widget\" data-widget_type=\"elementskit-icon-box.default\">\n\t\t\t\t<div class=\"elementor-widget-container\">\n\t\t\t\t\t<div class=\"ekit-wid-con\" >        <!-- link opening -->\n                <!-- end link opening -->\n\n        <div class=\"elementskit-infobox text-center text-left icon-lef-right-aligin elementor-animation- media  \">\n                    <div class=\"elementskit-box-header elementor-animation-\">\n                <div class=\"elementskit-info-box-icon  text-center\">\n                    <i aria-hidden=\"true\" class=\"elementkit-infobox-icon icon icon-car-1\"><\/i>\n                <\/div>\n          <\/div>\n                        <div class=\"box-body\">\n                            <h2 class=\"elementskit-info-box-title\">\n                    INSTRUCTORES CAPACITADOS                <\/h2>\n                        \t\t  \t<p>Por encima de todo est\u00e1 la seguridad de nuestros alumnos.<\/p>\n                                <\/div>\n        \n        \n                <\/div>\n        <\/div>\t\t\t\t<\/div>\n\t\t\t\t<\/div>\n\t\t\t\t\t<\/div>\n\t\t<\/div>\n\t\t\t\t\t<\/div>\n\t\t<\/section>\n\t\t\t\t<section class=\"elementor-section elementor-top-section elementor-element elementor-element-19df207 elementor-section-boxed elementor-section-height-default elementor-section-height-default\" data-id=\"19df207\" data-element_type=\"section\" data-settings=\"{&quot;background_background&quot;:&quot;classic&quot;}\">\n\t\t\t\t\t\t<div class=\"elementor-container elementor-column-gap-default\">\n\t\t\t\t\t<div class=\"elementor-column elementor-col-50 elementor-top-column elementor-element elementor-element-e0eb38b\" data-id=\"e0eb38b\" data-element_type=\"column\">\n\t\t\t<div class=\"elementor-widget-wrap elementor-element-populated\">\n\t\t\t\t\t\t<div class=\"elementor-element elementor-element-06f73ca elementor-widget elementor-widget-image\" data-id=\"06f73ca\" data-element_type=\"widget\" data-widget_type=\"image.default\">\n\t\t\t\t<div class=\"elementor-widget-container\">\n\t\t\t\t\t\t\t\t\t\t\t\t\t\t\t<img fetchpriority=\"high\" decoding=\"async\" width=\"2972\" height=\"2217\" src=\"https:\/\/tuprepahoy.com\/drive\/wp-content\/uploads\/2021\/04\/LOGO-ESCUELA-DRIVE_.png\" class=\"attachment-full size-full wp-image-5552\" alt=\"Logo escuela drive\" srcset=\"https:\/\/tuprepahoy.com\/drive\/wp-content\/uploads\/2021\/04\/LOGO-ESCUELA-DRIVE_.png 2972w, https:\/\/tuprepahoy.com\/drive\/wp-content\/uploads\/2021\/04\/LOGO-ESCUELA-DRIVE_-300x224.png 300w, https:\/\/tuprepahoy.com\/drive\/wp-content\/uploads\/2021\/04\/LOGO-ESCUELA-DRIVE_-1024x764.png 1024w, https:\/\/tuprepahoy.com\/drive\/wp-content\/uploads\/2021\/04\/LOGO-ESCUELA-DRIVE_-768x573.png 768w, https:\/\/tuprepahoy.com\/drive\/wp-content\/uploads\/2021\/04\/LOGO-ESCUELA-DRIVE_-1536x1146.png 1536w, https:\/\/tuprepahoy.com\/drive\/wp-content\/uploads\/2021\/04\/LOGO-ESCUELA-DRIVE_-2048x1528.png 2048w\" sizes=\"(max-width: 2972px) 100vw, 2972px\" title=\"\">\t\t\t\t\t\t\t\t\t\t\t\t\t\t\t<\/div>\n\t\t\t\t<\/div>\n\t\t\t\t<div class=\"elementor-element elementor-element-f03d909 ekit-equal-height-disable elementor-widget elementor-widget-elementskit-icon-box\" data-id=\"f03d909\" data-element_type=\"widget\" data-widget_type=\"elementskit-icon-box.default\">\n\t\t\t\t<div class=\"elementor-widget-container\">\n\t\t\t\t\t<div class=\"ekit-wid-con\" >        <!-- link opening -->\n                <!-- end link opening -->\n\n        <div class=\"elementskit-infobox text-center text- icon-lef-right-aligin elementor-animation-   \">\n                        <div class=\"box-body\">\n                            <h3 class=\"elementskit-info-box-title\">\n                    Ll\u00e1manos o Escribenos                <\/h3>\n                                            <\/div>\n        \n        \n                <\/div>\n        <\/div>\t\t\t\t<\/div>\n\t\t\t\t<\/div>\n\t\t\t\t<div class=\"elementor-element elementor-element-0fe6f59 elementor-align-center elementor-widget elementor-widget-elementskit-button\" data-id=\"0fe6f59\" data-element_type=\"widget\" data-widget_type=\"elementskit-button.default\">\n\t\t\t\t<div class=\"elementor-widget-container\">\n\t\t\t\t\t<div class=\"ekit-wid-con\" >\t\t<div class=\"ekit-btn-wraper\">\n\t\t\t\t\t\t\t<a href=\"tel:5590366301\" class=\"elementskit-btn  whitespace--normal\" id=\"\">\n\t\t\t\t\t<i class=\"fas fa-phone-alt\"><\/i>(55) 9036 6301\t\t\t\t<\/a>\n\t\t\t\t\t<\/div>\n        <\/div>\t\t\t\t<\/div>\n\t\t\t\t<\/div>\n\t\t\t\t<div class=\"elementor-element elementor-element-9f25554 elementor-align-center elementor-widget elementor-widget-elementskit-button\" data-id=\"9f25554\" data-element_type=\"widget\" data-widget_type=\"elementskit-button.default\">\n\t\t\t\t<div class=\"elementor-widget-container\">\n\t\t\t\t\t<div class=\"ekit-wid-con\" >\t\t<div class=\"ekit-btn-wraper\">\n\t\t\t\t\t\t\t<a href=\"https:\/\/api.whatsapp.com\/send?phone=+5215619955679&#038;text=hola\" class=\"elementskit-btn  whitespace--normal\" id=\"\" rel=\"noopener\">\n\t\t\t\t\t<i class=\"fab fa-whatsapp\"><\/i>WHATSAPP\t\t\t\t<\/a>\n\t\t\t\t\t<\/div>\n        <\/div>\t\t\t\t<\/div>\n\t\t\t\t<\/div>\n\t\t\t\t\t<\/div>\n\t\t<\/div>\n\t\t\t\t<div class=\"elementor-column elementor-col-50 elementor-top-column elementor-element elementor-element-b00ee98\" data-id=\"b00ee98\" data-element_type=\"column\">\n\t\t\t<div class=\"elementor-widget-wrap elementor-element-populated\">\n\t\t\t\t\t\t<div class=\"elementor-element elementor-element-ffa2889 elementor-widget elementor-widget-image\" data-id=\"ffa2889\" data-element_type=\"widget\" data-widget_type=\"image.default\">\n\t\t\t\t<div class=\"elementor-widget-container\">\n\t\t\t\t\t\t\t\t\t\t\t\t\t\t\t<img decoding=\"async\" width=\"640\" height=\"323\" src=\"https:\/\/tuprepahoy.com\/drive\/wp-content\/uploads\/2020\/11\/carObj.png\" class=\"attachment-large size-large wp-image-972\" alt=\"Carro de instructor Escuela Drive lateral\" srcset=\"https:\/\/tuprepahoy.com\/drive\/wp-content\/uploads\/2020\/11\/carObj.png 904w, https:\/\/tuprepahoy.com\/drive\/wp-content\/uploads\/2020\/11\/carObj-300x151.png 300w, https:\/\/tuprepahoy.com\/drive\/wp-content\/uploads\/2020\/11\/carObj-768x387.png 768w\" sizes=\"(max-width: 640px) 100vw, 640px\" title=\"\">\t\t\t\t\t\t\t\t\t\t\t\t\t\t\t<\/div>\n\t\t\t\t<\/div>\n\t\t\t\t\t<\/div>\n\t\t<\/div>\n\t\t\t\t\t<\/div>\n\t\t<\/section>\n\t\t\t\t<\/div>\n\t\t","protected":false},"excerpt":{"rendered":"<p>CONTACTO SERVICIO A DOMICILIO Servicio a domicilio incluido en todos nuestros cursos. CURSO 100% GARANTIZADO Especialistas para personas nerviosas, aprende desde el primer d\u00eda. INSTRUCTORES CAPACITADOS Por encima de todo est\u00e1 la seguridad de nuestros alumnos. Ll\u00e1manos o Escribenos (55) 9036 6301 WHATSAPP<\/p>\n","protected":false},"author":1,"featured_media":0,"parent":0,"menu_order":0,"comment_status":"closed","ping_status":"open","template":"elementor_header_footer","meta":{"footnotes":""},"class_list":["post-968","page","type-page","status-publish","hentry"],"_links":{"self":[{"href":"https:\/\/tuprepahoy.com\/drive\/wp-json\/wp\/v2\/pages\/968","targetHints":{"allow":["GET"]}}],"collection":[{"href":"https:\/\/tuprepahoy.com\/drive\/wp-json\/wp\/v2\/pages"}],"about":[{"href":"https:\/\/tuprepahoy.com\/drive\/wp-json\/wp\/v2\/types\/page"}],"author":[{"embeddable":true,"href":"https:\/\/tuprepahoy.com\/drive\/wp-json\/wp\/v2\/users\/1"}],"replies":[{"embeddable":true,"href":"https:\/\/tuprepahoy.com\/drive\/wp-json\/wp\/v2\/comments?post=968"}],"version-history":[{"count":91,"href":"https:\/\/tuprepahoy.com\/drive\/wp-json\/wp\/v2\/pages\/968\/revisions"}],"predecessor-version":[{"id":11713,"href":"https:\/\/tuprepahoy.com\/drive\/wp-json\/wp\/v2\/pages\/968\/revisions\/11713"}],"wp:attachment":[{"href":"https:\/\/tuprepahoy.com\/drive\/wp-json\/wp\/v2\/media?parent=968"}],"curies":[{"name":"wp","href":"https:\/\/api.w.org\/{rel}","templated":true}]}}