{"id":4307,"date":"2022-05-08T18:54:40","date_gmt":"2022-05-08T18:54:40","guid":{"rendered":"https:\/\/escueladrive.com\/?page_id=4307"},"modified":"2024-08-16T05:31:45","modified_gmt":"2024-08-16T05:31:45","slug":"aviso-de-privacidad-datos-personales","status":"publish","type":"page","link":"https:\/\/tuprepahoy.com\/drive\/aviso-de-privacidad-datos-personales\/","title":{"rendered":"AVISO DE PRIVACIDAD DATOS PERSONALES"},"content":{"rendered":"<ul>\n<li><a href=\"https:\/\/wa.me\/5215548534880?text=Hola\" rel=\"noopener\"><br \/>\n(55) 4853 4880<br \/>\n<\/a><\/li>\n<\/ul>\n<ul>\n<li><a href=\"tel:5619955679\"><br \/>\n(56) 1995 5679<br \/>\n<\/a><\/li>\n<\/ul>\n<p><img fetchpriority=\"high\" decoding=\"async\" src=\"https:\/\/escueladrive.com\/wp-content\/uploads\/2020\/12\/LOGO-ESCUELA-DRIVE_OK-300x218.png\" sizes=\"(max-width: 300px) 100vw, 300px\" srcset=\"https:\/\/escueladrive.com\/wp-content\/uploads\/2020\/12\/LOGO-ESCUELA-DRIVE_OK-300x218.png 300w, https:\/\/escueladrive.com\/wp-content\/uploads\/2020\/12\/LOGO-ESCUELA-DRIVE_OK.png 391w\" alt=\"Escuela-de-manejo\" width=\"300\" height=\"218\" title=\"\"><\/p>\n<h2>AVISO DE PRIVACIDAD DATOS PERSONALES<\/h2>\n<p>De conformidad con lo establecido en la Ley Federal de Protecci\u00f3n de Datos Personales en Posesi\u00f3n de los Particulares, <strong>MSB DRIVE SA DE CV<\/strong> pone a su disposici\u00f3n el siguiente aviso de privacidad.<\/p>\n<p><strong><br \/>\nMSB DRIVE SA DE CV<\/strong>, es responsable del uso y protecci\u00f3n de sus datos personales, en este sentido y atendiendo las obligaciones legales establecidas en la Ley Federal de Protecci\u00f3n de Datos Personales en Posesi\u00f3n de los Particulares, a trav\u00e9s de este instrumento se informa a los titulares de los datos, la informaci\u00f3n que de ellos se recaba y los fines que se le dar\u00e1n a dicha informaci\u00f3n.<\/p>\n<p>Adem\u00e1s de lo anterior, informamos a usted que <strong>MSB DRIVE SA DE CV<\/strong>, tiene su domicilio ubicado en:<\/p>\n<p>Av. Eugenia 1554 Col. Narvarte Poniente Alcand\u00eda Benito Ju\u00e1rez Cp. 03020<\/p>\n<p>Los datos personales que recabamos de usted ser\u00e1n utilizados para las siguientes finalidades, las cuales son necesarias para concretar nuestra relaci\u00f3n con usted, as\u00ed como para atender los servicios y\/o pedidos que solicite:<\/p>\n<p>La Informaci\u00f3n que se solicita es para la prestanci\u00f3n del Servicio de Clases de Manejo y temas administrativos.<\/p>\n<p>Para llevar a cabo las finalidades descritas en el presente aviso de privacidad, utilizaremos los siguientes datos personales:<\/p>\n<p>Nombre Completo<br \/>\nEdad<br \/>\nTel\u00e9fono<br \/>\nDirecci\u00f3n Completa<br \/>\nFotograf\u00eda Infantil (Cuando Aplique)<br \/>\nActa de Nacimiento (Cuando Aplique)<br \/>\nCURP (Cuando Aplique)<\/p>\n<p>Por otra parte, informamos a usted, que sus datos personales no ser\u00e1n compartidos con ninguna autoridad, empresa, organizaci\u00f3n o persona distintas a nosotros y ser\u00e1n utilizados exclusivamente para los fines se\u00f1alados.<\/p>\n<p>Usted tiene en todo momento el derecho a conocer qu\u00e9 datos personales tenemos de usted, para qu\u00e9 los utilizamos y las condiciones del uso que les damos (Acceso). Asimismo, es su derecho solicitar la correcci\u00f3n de su informaci\u00f3n personal en caso de que est\u00e9 desactualizada, sea inexacta o incompleta (Rectificaci\u00f3n); de igual manera, tiene derecho a que su informaci\u00f3n se elimine de nuestros registros o bases de datos cuando considere que la misma no est\u00e1 siendo utilizada adecuadamente (Cancelaci\u00f3n); as\u00ed como tambi\u00e9n a oponerse al uso de sus datos personales para fines espec\u00edficos (Oposici\u00f3n). Estos derechos se conocen como derechos ARCO.<\/p>\n<p>Para el ejercicio de cualquiera de los derechos ARCO, usted deber\u00e1 presentar la solicitud respectiva de la siguiente forma:<\/p>\n<p>V\u00eda Telef\u00f3nica (55) 4853 4880<\/p>\n<p>Lo anterior tambi\u00e9n servir\u00e1 para conocer el procedimiento y requisitos para el ejercicio de los derechos ARCO.<\/p>\n<p>En todo caso la respuesta a la solicitud se dar\u00e1 en el siguiente plazo:20 d\u00edas h\u00e1biles.<\/p>\n<p>Los datos de contacto de la persona o departamento de datos personales, que est\u00e1 a cargo de dar tr\u00e1mite a las solicitudes de derechos ARCO, son los siguientes:<\/p>\n<ol>\n<li>a) Nombre del responsable: Escuela Drive<\/li>\n<li><\/li>\n<li>b) Domicilio: Tajin 452 Int 204 Col Narvarte Poniente CP 0320 Alcald\u00eda Banito Juarez<\/li>\n<li><\/li>\n<li>c) Tel\u00e9fono: 5611651872<\/li>\n<li><\/li>\n<li>d) Correo electr\u00f3nico: escueladrive2000@gmail.com<\/li>\n<li><\/li>\n<\/ol>\n<p>Cabe mencionar, que en cualquier momento usted puede revocar su consentimiento para el uso de sus datos personales. Del mismo modo, usted puede revocar el consentimiento que, en su caso, nos haya otorgado para el tratamiento de sus datos personales. Sin embargo, es importante que tenga en cuenta que no en todos los casos podremos atender su solicitud o concluir el uso de forma inmediata, ya que es posible que por alguna obligaci\u00f3n legal se requiera seguir tratando sus datos personales. Asimismo, usted deber\u00e1 considerar que para ciertos fines la revocaci\u00f3n de su consentimiento implicar\u00e1 que no podamos seguir prestando el servicio que nos solicit\u00f3, o la conclusi\u00f3n de su relaci\u00f3n con nosotros.<\/p>\n<p>Para revocar el consentimiento que usted otorga en este acto o para limitar su divulgaci\u00f3n, se deber\u00e1 presentar la solicitud respectiva a trav\u00e9s del siguiente correo electr\u00f3nico:<\/p>\n<p>escueladrive2000@gmail.com<\/p>\n<p>Del mismo modo, podr\u00e1 solicitar la informaci\u00f3n para conocer el procedimiento y requisitos para la revocaci\u00f3n del consentimiento, as\u00ed como limitar el uso y divulgaci\u00f3n de su informaci\u00f3n personal.<\/p>\n<p>En cualquier caso, la respuesta a las peticiones se dar\u00e1 a conocer en el siguiente plazo: 20 d\u00edas h\u00e1biles.<\/p>\n<p>El presente aviso de privacidad puede sufrir modificaciones, cambios o actualizaciones derivadas de nuevos requerimientos legales; de nuestras propias necesidades por los productos o servicios que ofrecemos; de nuestras pr\u00e1cticas de privacidad; de cambios en nuestro modelo de negocio, o por otras causas, por lo cual, nos comprometemos a mantenerlo informado sobre los cambios que pueda sufrir el presente aviso de privacidad, sin embargo, usted puede solicitar informaci\u00f3n sobre si el mismo ha sufrido alg\u00fan cambio a trav\u00e9s del siguiente medio:<\/p>\n<p>Por cualquiera de los siguientes medios:<\/p>\n<p>P\u00e1gina WEB https:\/\/escueladrive.com\/<\/p>\n<p>Telefono: (55) 4853 4880<\/p>\n<p>Correo electronico: escueladrive2000@gmail.com<\/p>\n<p style=\"text-align: center;\">\u00daltima actualizaci\u00f3n:<\/p>\n<p style=\"text-align: center;\">08\/05\/2022<\/p>\n<p><a target=\"_blank\" href=\"https:\/\/www.facebook.com\/EscuelaDriveMexico\/\" rel=\"noopener\"><br \/>\nFacebook<br \/>\n<\/a><br \/>\n<a target=\"_blank\" href=\"https:\/\/twitter.com\/EscuelaDrive\" rel=\"noopener\"><br \/>\nTwitter<br \/>\n<\/a><br \/>\n<a target=\"_blank\" href=\"https:\/\/www.linkedin.com\/company\/escueladrive\/?viewAsMember=true\" rel=\"noopener\"><br \/>\nLinkedin<br \/>\n<\/a><br \/>\n<a target=\"_blank\" href=\"https:\/\/www.instagram.com\/escueladrive\/\" rel=\"noopener\"><br \/>\nInstagram<br \/>\n<\/a><br \/>\n<a target=\"_blank\" href=\"https:\/\/www.youtube.com\/channel\/UCUGc-KAqnMgKv3owHVJiRsw\/featured?view_as=subscriber\" rel=\"noopener\"><br \/>\nYoutube<br \/>\n<\/a><br \/>\n<a target=\"_blank\" href=\"https:\/\/www.pinterest.com.mx\/escueladrive\/_created\/\" rel=\"noopener\"><br \/>\nPinterest<br \/>\n<\/a><br \/>\n<a target=\"_blank\" href=\"https:\/\/vm.tiktok.com\/ZML4MH6dn\/\" rel=\"noopener\"><br \/>\n<\/a><\/p>\n<style>.cls-1{fill:#fff;}.cls-2{fill:#1d1d1b;}<\/style>\n<p><a target=\"_blank\" href=\"https:\/\/vm.tiktok.com\/ZML4MH6dn\/\" rel=\"noopener\"><\/a><a target=\"_blank\" href=\"https:\/\/vm.tiktok.com\/ZML4MH6dn\/\" rel=\"noopener\"><\/a><br \/>\n<button><br \/>\n<\/button><\/p>\n<ul id=\"menu-main-menu-2\">\n<li data-vertical-menu=\"750px\"><a href=\"https:\/\/escueladrive.com\/\" rel=\"noopener\">INICIO<\/a><\/li>\n<li data-vertical-menu=\"750px\"><a href=\"https:\/\/escueladrive.com\/cursos-de-manejo\/\" rel=\"noopener\">CURSOS DE MANEJO<\/a><\/li>\n<li data-vertical-menu=\"750px\"><a href=\"https:\/\/escueladrive.com\/nosotros\/\" rel=\"noopener\">NOSOTROS<\/a><\/li>\n<li data-vertical-menu=\"750px\"><a href=\"https:\/\/escueladrive.com\/servicio\/\" rel=\"noopener\">SERVICIO<\/a><\/li>\n<li data-vertical-menu=\"750px\"><a href=\"https:\/\/escueladrive.com\/tips-drive\/\" rel=\"noopener\">TIPS<\/a><\/li>\n<li data-vertical-menu=\"750px\"><a href=\"https:\/\/escueladrive.com\/contactanos\/\" rel=\"noopener\">CONT\u00c1CTANOS<\/a><\/li>\n<li data-vertical-menu=\"750px\"><a href=\"https:\/\/escueladrive.com\/bolsa-de-trabajo\/\" rel=\"noopener\">BOLSA DE TRABAJO<\/a><\/li>\n<\/ul>\n<p><a target=\"_self\" href=\"https:\/\/escueladrive.com\" rel=\"noopener\"><br \/>\n<img title=\"\" alt=\"\" \/><br \/>\n<\/a><br \/>\n<button type=\"button\">X<\/button><\/p>\n<h2>Escuela Drive \u00a9 2020<\/h2>\n<p>\/ <a href=\"https:\/\/escueladrive.com\/aviso-de-privacidad-datos-personales\/\" rel=\"noopener\">Aviso de Privacidad<\/a>\u00a0 \/ <a href=\"https:\/\/escueladrive.com\/privacy-policy\/\" rel=\"noopener\">Pol\u00edtica de Privacidad<\/a> \/<\/p>\n<p><a href=\"https:\/\/escueladrive.com\/terminos-y-condiciones-del-servicio\/\" rel=\"noopener\">Terminos y condiciones\u00a0<\/a><\/p>\n","protected":false},"excerpt":{"rendered":"<p>(55) 4853 4880 (56) 1995 5679 AVISO DE PRIVACIDAD DATOS PERSONALES De conformidad con lo establecido en la Ley Federal de Protecci\u00f3n de Datos Personales en Posesi\u00f3n de los Particulares, MSB DRIVE SA DE CV pone a su disposici\u00f3n el siguiente aviso de privacidad. MSB DRIVE SA DE CV, es responsable del uso y protecci\u00f3n [&hellip;]<\/p>\n","protected":false},"author":1,"featured_media":0,"parent":0,"menu_order":0,"comment_status":"closed","ping_status":"closed","template":"elementor_canvas","meta":{"footnotes":""},"class_list":["post-4307","page","type-page","status-publish","hentry"],"_links":{"self":[{"href":"https:\/\/tuprepahoy.com\/drive\/wp-json\/wp\/v2\/pages\/4307","targetHints":{"allow":["GET"]}}],"collection":[{"href":"https:\/\/tuprepahoy.com\/drive\/wp-json\/wp\/v2\/pages"}],"about":[{"href":"https:\/\/tuprepahoy.com\/drive\/wp-json\/wp\/v2\/types\/page"}],"author":[{"embeddable":true,"href":"https:\/\/tuprepahoy.com\/drive\/wp-json\/wp\/v2\/users\/1"}],"replies":[{"embeddable":true,"href":"https:\/\/tuprepahoy.com\/drive\/wp-json\/wp\/v2\/comments?post=4307"}],"version-history":[{"count":19,"href":"https:\/\/tuprepahoy.com\/drive\/wp-json\/wp\/v2\/pages\/4307\/revisions"}],"predecessor-version":[{"id":13347,"href":"https:\/\/tuprepahoy.com\/drive\/wp-json\/wp\/v2\/pages\/4307\/revisions\/13347"}],"wp:attachment":[{"href":"https:\/\/tuprepahoy.com\/drive\/wp-json\/wp\/v2\/media?parent=4307"}],"curies":[{"name":"wp","href":"https:\/\/api.w.org\/{rel}","templated":true}]}}