{"id":1945,"date":"2021-01-03T19:25:42","date_gmt":"2021-01-03T19:25:42","guid":{"rendered":"https:\/\/escueladrive.com\/?page_id=1945"},"modified":"2024-08-20T20:13:59","modified_gmt":"2024-08-20T20:13:59","slug":"terminos-y-condiciones-del-servicio","status":"publish","type":"page","link":"https:\/\/tuprepahoy.com\/drive\/terminos-y-condiciones-del-servicio\/","title":{"rendered":"Terminos y condiciones del servicio"},"content":{"rendered":"\t\t<div data-elementor-type=\"wp-page\" data-elementor-id=\"1945\" class=\"elementor elementor-1945\" data-elementor-post-type=\"page\">\n\t\t\t\t\t\t<section class=\"elementor-section elementor-top-section elementor-element elementor-element-b28542b elementor-section-boxed elementor-section-height-default elementor-section-height-default\" data-id=\"b28542b\" data-element_type=\"section\">\n\t\t\t\t\t\t<div class=\"elementor-container elementor-column-gap-default\">\n\t\t\t\t\t<div class=\"elementor-column elementor-col-100 elementor-top-column elementor-element elementor-element-0b77c88\" data-id=\"0b77c88\" data-element_type=\"column\">\n\t\t\t<div class=\"elementor-widget-wrap elementor-element-populated\">\n\t\t\t\t\t\t<div class=\"elementor-element elementor-element-b8dd060 elementor-widget elementor-widget-elementskit-heading\" data-id=\"b8dd060\" data-element_type=\"widget\" data-widget_type=\"elementskit-heading.default\">\n\t\t\t\t<div class=\"elementor-widget-container\">\n\t\t\t\t\t<div class=\"ekit-wid-con\" ><div class=\"ekit-heading elementskit-section-title-wraper text_center   ekit_heading_tablet-   ekit_heading_mobile-\"><h3 class=\"elementskit-section-subtitle  \">\n\t\t\t\t\t\tT\u00c9RMINOS Y\n\t\t\t\t\t<\/h3><h2 class=\"ekit-heading--title elementskit-section-title \"> CONDICIONES    <span><span> DE SERVICIO   <\/span><\/span><\/h2><div class=\"ekit_heading_separetor_wraper ekit_heading_elementskit-border-divider\"><div class=\"elementskit-border-divider\"><\/div><\/div><\/div><\/div>\t\t\t\t<\/div>\n\t\t\t\t<\/div>\n\t\t\t\t<div class=\"elementor-element elementor-element-518a0fc elementor-widget elementor-widget-spacer\" data-id=\"518a0fc\" data-element_type=\"widget\" data-widget_type=\"spacer.default\">\n\t\t\t\t<div class=\"elementor-widget-container\">\n\t\t\t\t\t\t\t<div class=\"elementor-spacer\">\n\t\t\t<div class=\"elementor-spacer-inner\"><\/div>\n\t\t<\/div>\n\t\t\t\t\t\t<\/div>\n\t\t\t\t<\/div>\n\t\t\t\t<div class=\"elementor-element elementor-element-ac9bea8 elementor-widget elementor-widget-text-editor\" data-id=\"ac9bea8\" data-element_type=\"widget\" data-widget_type=\"text-editor.default\">\n\t\t\t\t<div class=\"elementor-widget-container\">\n\t\t\t\t\t\t\t\t\t<p>Escuela Drive Se hace responsable por el curso descrito enviado y confirmado v\u00eda whatsapp.<\/p><p>\u00a0<\/p><p>\u00danicamente puede abordar el veh\u00edculo el alumno descrito en el curso.<\/p><p>(No se aceptan acompa\u00f1antes)<\/p><p>\u00a0<\/p><p>El servicio a domicilio solo cubre el descrito en la confirmaci\u00f3n, cualquier otra ruta debe cotizarse por separado, solicit\u00e1ndolo con su ejecutivo.<\/p><p>\u00a0<\/p><p>El pago total del curso debe realizarse a m\u00e1s tardar el d\u00eda de inicio de curso.<\/p><p>\u00a0<\/p><p>Escuela Drive puede mover horarios por rutas, contingencias, tr\u00e1fico y cierres viales.<\/p><p>\u00a0<\/p><p>Si por alguna raz\u00f3n no puedes asistir a tu clase es importante que nos hagas saber con anticipaci\u00f3n por lo menos de 24 horas.<\/p><p>\u00a0<\/p><p>Es importante comentarte que cada cambio de horario tiene un costo de $400 pesos (esto debido a que todas las rutas se encuentran armadas y tendr\u00edamos que ajustar horario de todos los alumnos).<\/p><p>\u00a0<\/p><p>Mismo que tienes que dar aviso directamente a la escuela de manejo a los n\u00fameros.<\/p><p>En caso que Escuela Drive haga cambios, no genera ning\u00fan costo extra.<\/p><p>\u00a0<\/p><p>En caso de cualquier anomal\u00eda con el horario y con el instructor, favor de dar aviso de forma inmediata a las oficinas o con su ejecutivo.<\/p><p>\u00a0<\/p><p>En caso contrario Escuela Drive no se hace responsable si no se da aviso de inmediato.<\/p><p>\u00a0<\/p><p>Escuela Drive no se hace responsable por acuerdos entre instructor y alumno.<\/p>\t\t\t\t\t\t\t\t<\/div>\n\t\t\t\t<\/div>\n\t\t\t\t\t<\/div>\n\t\t<\/div>\n\t\t\t\t\t<\/div>\n\t\t<\/section>\n\t\t\t\t<\/div>\n\t\t","protected":false},"excerpt":{"rendered":"<p>T\u00c9RMINOS Y CONDICIONES DE SERVICIO Escuela Drive Se hace responsable por el curso descrito enviado y confirmado v\u00eda whatsapp. \u00danicamente puede abordar el veh\u00edculo el alumno descrito en el curso. (No se aceptan acompa\u00f1antes) El servicio a domicilio solo cubre el descrito en la confirmaci\u00f3n, cualquier otra ruta debe cotizarse por separado, solicit\u00e1ndolo con su [&hellip;]<\/p>\n","protected":false},"author":1,"featured_media":0,"parent":0,"menu_order":0,"comment_status":"closed","ping_status":"closed","template":"elementor_header_footer","meta":{"footnotes":""},"class_list":["post-1945","page","type-page","status-publish","hentry"],"_links":{"self":[{"href":"https:\/\/tuprepahoy.com\/drive\/wp-json\/wp\/v2\/pages\/1945","targetHints":{"allow":["GET"]}}],"collection":[{"href":"https:\/\/tuprepahoy.com\/drive\/wp-json\/wp\/v2\/pages"}],"about":[{"href":"https:\/\/tuprepahoy.com\/drive\/wp-json\/wp\/v2\/types\/page"}],"author":[{"embeddable":true,"href":"https:\/\/tuprepahoy.com\/drive\/wp-json\/wp\/v2\/users\/1"}],"replies":[{"embeddable":true,"href":"https:\/\/tuprepahoy.com\/drive\/wp-json\/wp\/v2\/comments?post=1945"}],"version-history":[{"count":18,"href":"https:\/\/tuprepahoy.com\/drive\/wp-json\/wp\/v2\/pages\/1945\/revisions"}],"predecessor-version":[{"id":11290,"href":"https:\/\/tuprepahoy.com\/drive\/wp-json\/wp\/v2\/pages\/1945\/revisions\/11290"}],"wp:attachment":[{"href":"https:\/\/tuprepahoy.com\/drive\/wp-json\/wp\/v2\/media?parent=1945"}],"curies":[{"name":"wp","href":"https:\/\/api.w.org\/{rel}","templated":true}]}}